{"id":791,"date":"2022-01-28T11:17:45","date_gmt":"2022-01-28T16:17:45","guid":{"rendered":"https:\/\/www.lccare.ca\/carrieres\/"},"modified":"2026-03-03T13:54:14","modified_gmt":"2026-03-03T18:54:14","slug":"carrieres","status":"publish","type":"page","link":"https:\/\/www.lccare.ca\/fr\/carrieres\/","title":{"rendered":"Carri\u00e8res"},"content":{"rendered":"<p>[et_pb_section fb_built=\u00a0\u00bb1&Prime; _builder_version=\u00a0\u00bb4.27.4&Prime; _module_preset=\u00a0\u00bbdefault\u00a0\u00bb global_colors_info=\u00a0\u00bb{}\u00a0\u00bb][et_pb_row _builder_version=\u00a0\u00bb4.27.4&Prime; _module_preset=\u00a0\u00bbdefault\u00a0\u00bb global_colors_info=\u00a0\u00bb{}\u00a0\u00bb][et_pb_column type=\u00a0\u00bb4_4&Prime; _builder_version=\u00a0\u00bb4.27.4&Prime; _module_preset=\u00a0\u00bbdefault\u00a0\u00bb global_colors_info=\u00a0\u00bb{}\u00a0\u00bb][et_pb_text _builder_version=\u00a0\u00bb4.27.4&Prime; _module_preset=\u00a0\u00bbdefault\u00a0\u00bb custom_padding=\u00a0\u00bb||41px|||\u00a0\u00bb inline_fonts=\u00a0\u00bbABeeZee\u00a0\u00bb global_colors_info=\u00a0\u00bb{}\u00a0\u00bb]<\/p>\n<pre class=\"tw-data-text tw-text-large tw-ta\" data-placeholder=\"Translation\" id=\"tw-target-text\" role=\"text\" data-ved=\"2ahUKEwjNrN2B1sWSAxWVmokEHaQkBEAQ3ewLegQIDBAW\" dir=\"ltr\" aria-label=\"Translated text: Pour consulter nos offres d'emploi actuelles, cliquez ici.\" tabindex=\"-1\"><span class=\"Y2IQFc\" lang=\"fr\" style=\"font-family: ABeeZee;\">Pour consulter nos offres d'emploi actuelles, cliquez <a href=\"https:\/\/curos.ca\/curos\/LCCARE2508\/V\/TRBJO_PUBLIC\">ici<\/a><\/span><\/pre>\n<p>&nbsp;<\/p>\n<p><em>Lutheran Community Care accueille et encourage les candidatures de personnes handicap\u00e9es. Des am\u00e9nagements sont disponibles sur demande pour les candidats participant \u00e0 tous les aspects du processus de s\u00e9lection.<\/em><\/p>\n<p>[\/et_pb_text][\/et_pb_column][\/et_pb_row][\/et_pb_section]<\/p>\n","protected":false},"excerpt":{"rendered":"<p>Pour consulter nos offres d&#8217;emploi actuelles, cliquez ici &nbsp; Lutheran Community Care accueille et encourage les candidatures de personnes handicap\u00e9es. Des am\u00e9nagements sont disponibles sur demande pour les candidats participant [&hellip;]<\/p>\n","protected":false},"author":1,"featured_media":0,"parent":0,"menu_order":0,"comment_status":"closed","ping_status":"closed","template":"","meta":{"_et_pb_use_builder":"on","_et_pb_old_content":"","_et_gb_content_width":"","footnotes":""},"class_list":["post-791","page","type-page","status-publish","hentry"],"aioseo_notices":[],"publishpress_future_workflow_manual_trigger":{"enabledWorkflows":[]},"_links":{"self":[{"href":"https:\/\/www.lccare.ca\/fr\/wp-json\/wp\/v2\/pages\/791","targetHints":{"allow":["GET"]}}],"collection":[{"href":"https:\/\/www.lccare.ca\/fr\/wp-json\/wp\/v2\/pages"}],"about":[{"href":"https:\/\/www.lccare.ca\/fr\/wp-json\/wp\/v2\/types\/page"}],"author":[{"embeddable":true,"href":"https:\/\/www.lccare.ca\/fr\/wp-json\/wp\/v2\/users\/1"}],"replies":[{"embeddable":true,"href":"https:\/\/www.lccare.ca\/fr\/wp-json\/wp\/v2\/comments?post=791"}],"version-history":[{"count":25,"href":"https:\/\/www.lccare.ca\/fr\/wp-json\/wp\/v2\/pages\/791\/revisions"}],"predecessor-version":[{"id":1540,"href":"https:\/\/www.lccare.ca\/fr\/wp-json\/wp\/v2\/pages\/791\/revisions\/1540"}],"wp:attachment":[{"href":"https:\/\/www.lccare.ca\/fr\/wp-json\/wp\/v2\/media?parent=791"}],"curies":[{"name":"wp","href":"https:\/\/api.w.org\/{rel}","templated":true}]}}