{"id":627,"date":"2022-04-06T13:07:05","date_gmt":"2022-04-06T18:07:05","guid":{"rendered":"https:\/\/www.lccare.ca\/programmes-et-services\/les-services-de-lontario-pour-les-personnes-ayant-une-deficience-intellectuelle-de-la-region-du-nord-de-lontario-sopdirn\/foire-aux-questions\/"},"modified":"2022-06-02T11:02:14","modified_gmt":"2022-06-02T16:02:14","slug":"foire-aux-questions","status":"publish","type":"page","link":"https:\/\/www.lccare.ca\/fr\/programmes-et-services\/sopdirn\/foire-aux-questions\/","title":{"rendered":"Foire aux questions"},"content":{"rendered":"<p>[et_pb_section fb_built=\u00a0\u00bb1&Prime; _builder_version=\u00a0\u00bb4.14.7&Prime; _module_preset=\u00a0\u00bbdefault\u00a0\u00bb custom_padding=\u00a0\u00bb40px||80px||false|false\u00a0\u00bb global_colors_info=\u00a0\u00bb{}\u00a0\u00bb][et_pb_row _builder_version=\u00a0\u00bb4.14.7&Prime; _module_preset=\u00a0\u00bbdefault\u00a0\u00bb max_width=\u00a0\u00bb1440px\u00a0\u00bb custom_padding=\u00a0\u00bb0px||0px||true|false\u00a0\u00bb global_colors_info=\u00a0\u00bb{}\u00a0\u00bb][et_pb_column type=\u00a0\u00bb4_4&Prime; _builder_version=\u00a0\u00bb4.14.7&Prime; _module_preset=\u00a0\u00bbdefault\u00a0\u00bb global_colors_info=\u00a0\u00bb{}\u00a0\u00bb][et_pb_text ul_item_indent=\u00a0\u00bb32px\u00a0\u00bb _builder_version=\u00a0\u00bb4.14.7&Prime; _module_preset=\u00a0\u00bbdefault\u00a0\u00bb text_font=\u00a0\u00bb||||||||\u00a0\u00bb text_text_color=\u00a0\u00bb#333333&Prime; text_line_height=\u00a0\u00bb24px\u00a0\u00bb ul_text_color=\u00a0\u00bb#0276BB\u00a0\u00bb header_2_font=\u00a0\u00bbVarela Round|700|||||||\u00a0\u00bb header_2_text_color=\u00a0\u00bb#0b5e81&Prime; header_2_font_size=\u00a0\u00bb32px\u00a0\u00bb header_2_line_height=\u00a0\u00bb36px\u00a0\u00bb header_3_font=\u00a0\u00bb|300|on||||||\u00a0\u00bb header_3_text_color=\u00a0\u00bb#0276BB\u00a0\u00bb header_3_font_size=\u00a0\u00bb24px\u00a0\u00bb header_3_line_height=\u00a0\u00bb32px\u00a0\u00bb global_colors_info=\u00a0\u00bb{}\u00a0\u00bb]<\/p>\n<h2>Foire aux questions<\/h2>\n<p>[\/et_pb_text][\/et_pb_column][\/et_pb_row][et_pb_row column_structure=\u00a0\u00bb1_3,1_3,1_3&Prime; _builder_version=\u00a0\u00bb4.14.7&Prime; _module_preset=\u00a0\u00bbdefault\u00a0\u00bb max_width=\u00a0\u00bb1440px\u00a0\u00bb custom_padding=\u00a0\u00bb20px||20px||true|false\u00a0\u00bb global_colors_info=\u00a0\u00bb{}\u00a0\u00bb][et_pb_column type=\u00a0\u00bb1_3&Prime; _builder_version=\u00a0\u00bb4.14.6&Prime; _module_preset=\u00a0\u00bbdefault\u00a0\u00bb global_colors_info=\u00a0\u00bb{}\u00a0\u00bb][et_pb_text ul_item_indent=\u00a0\u00bb32px\u00a0\u00bb _builder_version=\u00a0\u00bb4.14.7&Prime; _module_preset=\u00a0\u00bbdefault\u00a0\u00bb text_font=\u00a0\u00bb||||||||\u00a0\u00bb text_text_color=\u00a0\u00bb#333333&Prime; text_line_height=\u00a0\u00bb32px\u00a0\u00bb ul_text_color=\u00a0\u00bb#0276BB\u00a0\u00bb header_2_font=\u00a0\u00bbVarela Round|700|||||||\u00a0\u00bb header_2_text_color=\u00a0\u00bb#3BAE49&Prime; header_2_font_size=\u00a0\u00bb32px\u00a0\u00bb header_2_line_height=\u00a0\u00bb36px\u00a0\u00bb header_3_font=\u00a0\u00bb|300|on||||||\u00a0\u00bb header_3_text_color=\u00a0\u00bb#0276BB\u00a0\u00bb header_3_font_size=\u00a0\u00bb24px\u00a0\u00bb header_3_line_height=\u00a0\u00bb32px\u00a0\u00bb hover_enabled=\u00a0\u00bb0&Prime; global_colors_info=\u00a0\u00bb{}\u00a0\u00bb text_font_size=\u00a0\u00bb21px\u00a0\u00bb sticky_enabled=\u00a0\u00bb0&Prime;]<\/p>\n<p><strong>Qu\u2019est-ce qui rend une personne admissible aux SOPDI ?<\/strong><\/p>\n<p>Le bureau des SOPDI exigera les \u00e9l\u00e9ments suivants afin de d\u00e9terminer si un individu est admissible ou non \u00e0 recevoir des services:<\/p>\n<p><strong>Preuve d\u2019\u00e2ge :<\/strong><br \/>Vous devez avoir 18 ans ou plus et fournir l\u2019un des documents suivants (certificat de naissance, carte sant\u00e9 de l\u2019Ontario, passeport ou permis de conduire).<\/p>\n<p><strong>Preuve que vous \u00eates un r\u00e9sident de l\u2019Ontario :<\/strong><br \/>Fournir l\u2019un des documents suivants: contrat de location ou de bail, relev\u00e9 de d\u00e9p\u00f4t direct pour le POSPH, dossier de l\u2019employeur, relev\u00e9s de compte bancaire post\u00e9s.<\/p>\n<p><strong>\u00c9valuation psychologique<\/strong><br \/>Votre \u00e9valuation psychologique sera examin\u00e9e par le bureau des SOPDI pour s\u2019assurer que vous \u00eates admissible. S\u2019il y a des limitations significatives dans le fonctionnement cognitif et adaptatif qui se sont produites avant votre 18e anniversaire, et que le soutien sera \u00e0 long terme, vous \u00eates admissible \u00e0 recevoir des services. Si vous ne disposez pas d\u2019une \u00e9valuation psychologique ou si les informations ne sont pas claires, nous pourrions possiblement vous aider \u00e0 prendre des dispositions pour obtenir une \u00e9valuation actualis\u00e9e.<\/p>\n<p>[\/et_pb_text][\/et_pb_column][et_pb_column type=\u00a0\u00bb1_3&Prime; _builder_version=\u00a0\u00bb4.14.6&Prime; _module_preset=\u00a0\u00bbdefault\u00a0\u00bb global_colors_info=\u00a0\u00bb{}\u00a0\u00bb][et_pb_text ul_item_indent=\u00a0\u00bb32px\u00a0\u00bb _builder_version=\u00a0\u00bb4.14.7&Prime; _module_preset=\u00a0\u00bbdefault\u00a0\u00bb text_font=\u00a0\u00bb||||||||\u00a0\u00bb text_text_color=\u00a0\u00bb#333333&Prime; text_line_height=\u00a0\u00bb32px\u00a0\u00bb ul_text_color=\u00a0\u00bb#0276BB\u00a0\u00bb header_2_font=\u00a0\u00bbVarela Round|700|||||||\u00a0\u00bb header_2_text_color=\u00a0\u00bb#3BAE49&Prime; header_2_font_size=\u00a0\u00bb32px\u00a0\u00bb header_2_line_height=\u00a0\u00bb36px\u00a0\u00bb header_3_font=\u00a0\u00bb|300|on||||||\u00a0\u00bb header_3_text_color=\u00a0\u00bb#0276BB\u00a0\u00bb header_3_font_size=\u00a0\u00bb24px\u00a0\u00bb header_3_line_height=\u00a0\u00bb32px\u00a0\u00bb hover_enabled=\u00a0\u00bb0&Prime; global_colors_info=\u00a0\u00bb{}\u00a0\u00bb text_font_size=\u00a0\u00bb21px\u00a0\u00bb sticky_enabled=\u00a0\u00bb0&Prime;]<\/p>\n<p><strong>Comment puis-je prendre rendez-vous ?<\/strong><\/p>\n<p>Pour obtenir une \u00e9valuation aupr\u00e8s du bureau des SOPDI, composez notre num\u00e9ro sans frais : 1-855-DSO-NORD (376-6673).<\/p>\n<p><strong>Qu\u2019est-ce que la demande des services et de soutiens pour les personnes ayant une d\u00e9ficience intellectuelle ?<\/strong><\/p>\n<p>La demande de services et de soutiens pour les personnes ayant une d\u00e9ficience intellectuelle est un outil qui comprend plusieurs \u00e9l\u00e9ments, notamment : des informations d\u00e9mographiques de base et des coordonn\u00e9es ; les pr\u00e9f\u00e9rences de la personne en mati\u00e8re de style de vie, ses forces et ses objectifs pour l\u2019avenir ; des informations g\u00e9n\u00e9rales sur les besoins en mati\u00e8re de soutien m\u00e9dical et comportemental ; des informations sur les services et soutiens actuels qui peuvent \u00eatre impliqu\u00e9s ; la situation actuelle du proche aidant et de la famille ; et les services et soutiens que la personne demande.<\/p>\n<p>L\u2019\u00e9valuation avec l\u2019aide de l\u2019\u00e9chelle d\u2019intensit\u00e9 de soutien (\u00ab Supports Intensity Scale \u00bb ou \u00ab SIS \u00bb) est un outil qui permet d\u2019identifier le type et l\u2019intensit\u00e9 des soutiens dont une personne a besoin pour participer aux activit\u00e9s quotidiennes. Au cours de cette rencontre, nous discutons du type de soutien dont une personne peut avoir besoin \u00e0 la maison, dans la communaut\u00e9, au travail ou dans ses activit\u00e9s \u00e9ducatives, dans ses relations ou simplement pour rester en bonne sant\u00e9 et en s\u00e9curit\u00e9.<\/p>\n<p>[\/et_pb_text][\/et_pb_column][et_pb_column type=\u00a0\u00bb1_3&Prime; _builder_version=\u00a0\u00bb4.14.6&Prime; _module_preset=\u00a0\u00bbdefault\u00a0\u00bb global_colors_info=\u00a0\u00bb{}\u00a0\u00bb][et_pb_text ul_item_indent=\u00a0\u00bb32px\u00a0\u00bb _builder_version=\u00a0\u00bb4.14.7&Prime; _module_preset=\u00a0\u00bbdefault\u00a0\u00bb text_font=\u00a0\u00bb||||||||\u00a0\u00bb text_text_color=\u00a0\u00bb#333333&Prime; text_line_height=\u00a0\u00bb32px\u00a0\u00bb ul_text_color=\u00a0\u00bb#0276BB\u00a0\u00bb header_2_font=\u00a0\u00bbVarela Round|700|||||||\u00a0\u00bb header_2_text_color=\u00a0\u00bb#3BAE49&Prime; header_2_font_size=\u00a0\u00bb32px\u00a0\u00bb header_2_line_height=\u00a0\u00bb36px\u00a0\u00bb header_3_font=\u00a0\u00bb|300|on||||||\u00a0\u00bb header_3_text_color=\u00a0\u00bb#0276BB\u00a0\u00bb header_3_font_size=\u00a0\u00bb24px\u00a0\u00bb header_3_line_height=\u00a0\u00bb32px\u00a0\u00bb hover_enabled=\u00a0\u00bb0&Prime; global_colors_info=\u00a0\u00bb{}\u00a0\u00bb text_font_size=\u00a0\u00bb21px\u00a0\u00bb sticky_enabled=\u00a0\u00bb0&Prime;]<\/p>\n<p><strong>Combien de temps dure l&rsquo;ADSS\/SIS?<\/strong><\/p>\n<p>Chaque \u00e9valuation est r\u00e9serv\u00e9e sur deux jours. L&rsquo;ADSS est rempli en premier et prend g\u00e9n\u00e9ralement environ 2,5 heures. Le SIS serait programm\u00e9 un autre jour, car ce rendez-vous n\u00e9cessite \u00e9galement 2-3 heures. Nous vous recommandons de pr\u00e9voir 3 heures pour chaque \u00e9valuation.<\/p>\n<p><strong>Qu&rsquo;est-ce qu&rsquo;un r\u00e9pondant?<\/strong><\/p>\n<p>Un r\u00e9pondant est une personne qui conna\u00eet la personne \u00e9valu\u00e9e depuis au moins 3 mois et qui a observ\u00e9 la personne dans un ou plusieurs environnements pendant une p\u00e9riode de temps substantielle (parent, personnel, job-coach, enseignant ou soi-m\u00eame).<\/p>\n<p><strong>Qu&rsquo;est-ce qu&rsquo;un trouble du d\u00e9veloppement?<\/strong><\/p>\n<p>Une d\u00e9ficience intellectuelle est pr\u00e9sente \u00e0 la naissance ou se d\u00e9veloppe avant l&rsquo;\u00e2ge de 18 ans ; limite la capacit\u00e9 d&rsquo;une personne \u00e0 apprendre; est permanent ; et peut \u00eatre l\u00e9ger ou grave.<\/p>\n<p>[\/et_pb_text][\/et_pb_column][\/et_pb_row][\/et_pb_section]<\/p>\n","protected":false},"excerpt":{"rendered":"<p>Foire aux questionsQu\u2019est-ce qui rend une personne admissible aux SOPDI ? Le bureau des SOPDI exigera les \u00e9l\u00e9ments suivants afin de d\u00e9terminer si un individu est admissible ou non \u00e0 [&hellip;]<\/p>\n","protected":false},"author":1,"featured_media":0,"parent":618,"menu_order":0,"comment_status":"closed","ping_status":"closed","template":"","meta":{"_et_pb_use_builder":"on","_et_pb_old_content":"","_et_gb_content_width":"","footnotes":""},"class_list":["post-627","page","type-page","status-publish","hentry"],"aioseo_notices":[],"publishpress_future_workflow_manual_trigger":{"enabledWorkflows":[]},"_links":{"self":[{"href":"https:\/\/www.lccare.ca\/fr\/wp-json\/wp\/v2\/pages\/627","targetHints":{"allow":["GET"]}}],"collection":[{"href":"https:\/\/www.lccare.ca\/fr\/wp-json\/wp\/v2\/pages"}],"about":[{"href":"https:\/\/www.lccare.ca\/fr\/wp-json\/wp\/v2\/types\/page"}],"author":[{"embeddable":true,"href":"https:\/\/www.lccare.ca\/fr\/wp-json\/wp\/v2\/users\/1"}],"replies":[{"embeddable":true,"href":"https:\/\/www.lccare.ca\/fr\/wp-json\/wp\/v2\/comments?post=627"}],"version-history":[{"count":2,"href":"https:\/\/www.lccare.ca\/fr\/wp-json\/wp\/v2\/pages\/627\/revisions"}],"predecessor-version":[{"id":629,"href":"https:\/\/www.lccare.ca\/fr\/wp-json\/wp\/v2\/pages\/627\/revisions\/629"}],"up":[{"embeddable":true,"href":"https:\/\/www.lccare.ca\/fr\/wp-json\/wp\/v2\/pages\/618"}],"wp:attachment":[{"href":"https:\/\/www.lccare.ca\/fr\/wp-json\/wp\/v2\/media?parent=627"}],"curies":[{"name":"wp","href":"https:\/\/api.w.org\/{rel}","templated":true}]}}