{"id":621,"date":"2022-03-31T13:12:09","date_gmt":"2022-03-31T18:12:09","guid":{"rendered":"https:\/\/www.lccare.ca\/programmes-et-services\/les-services-de-lontario-pour-les-personnes-ayant-une-deficience-intellectuelle-de-la-region-du-nord-de-lontario-sopdirn\/demander-une-presentation\/"},"modified":"2022-06-08T09:05:17","modified_gmt":"2022-06-08T14:05:17","slug":"demander-une-presentation","status":"publish","type":"page","link":"https:\/\/www.lccare.ca\/fr\/programmes-et-services\/sopdirn\/demander-une-presentation\/","title":{"rendered":"Demander une pr\u00e9sentation"},"content":{"rendered":"<p>[et_pb_section fb_built=\u00a0\u00bb1&Prime; _builder_version=\u00a0\u00bb4.14.7&Prime; _module_preset=\u00a0\u00bbdefault\u00a0\u00bb custom_padding=\u00a0\u00bb40px||80px||false|false\u00a0\u00bb global_colors_info=\u00a0\u00bb{}\u00a0\u00bb][et_pb_row _builder_version=\u00a0\u00bb4.14.7&Prime; _module_preset=\u00a0\u00bbdefault\u00a0\u00bb max_width=\u00a0\u00bb1440px\u00a0\u00bb custom_padding=\u00a0\u00bb0px||0px||true|false\u00a0\u00bb global_colors_info=\u00a0\u00bb{}\u00a0\u00bb][et_pb_column type=\u00a0\u00bb4_4&Prime; _builder_version=\u00a0\u00bb4.14.7&Prime; _module_preset=\u00a0\u00bbdefault\u00a0\u00bb global_colors_info=\u00a0\u00bb{}\u00a0\u00bb][et_pb_text ul_item_indent=\u00a0\u00bb32px\u00a0\u00bb _builder_version=\u00a0\u00bb4.14.7&Prime; _module_preset=\u00a0\u00bbdefault\u00a0\u00bb text_font=\u00a0\u00bb||||||||\u00a0\u00bb text_text_color=\u00a0\u00bb#333333&Prime; text_line_height=\u00a0\u00bb24px\u00a0\u00bb ul_text_color=\u00a0\u00bb#0276BB\u00a0\u00bb header_2_font=\u00a0\u00bbVarela Round|700|||||||\u00a0\u00bb header_2_text_color=\u00a0\u00bb#0b5e81&Prime; header_2_font_size=\u00a0\u00bb32px\u00a0\u00bb header_2_line_height=\u00a0\u00bb36px\u00a0\u00bb header_3_font=\u00a0\u00bb|300|on||||||\u00a0\u00bb header_3_text_color=\u00a0\u00bb#0276BB\u00a0\u00bb header_3_font_size=\u00a0\u00bb24px\u00a0\u00bb header_3_line_height=\u00a0\u00bb32px\u00a0\u00bb global_colors_info=\u00a0\u00bb{}\u00a0\u00bb]<\/p>\n<h2>Demander une pr\u00e9sentation<\/h2>\n<p>[\/et_pb_text][\/et_pb_column][\/et_pb_row][et_pb_row _builder_version=\u00a0\u00bb4.14.7&Prime; _module_preset=\u00a0\u00bbdefault\u00a0\u00bb max_width=\u00a0\u00bb1440px\u00a0\u00bb custom_padding=\u00a0\u00bb20px||20px||true|false\u00a0\u00bb global_colors_info=\u00a0\u00bb{}\u00a0\u00bb][et_pb_column type=\u00a0\u00bb4_4&Prime; _builder_version=\u00a0\u00bb4.14.6&Prime; _module_preset=\u00a0\u00bbdefault\u00a0\u00bb global_colors_info=\u00a0\u00bb{}\u00a0\u00bb][et_pb_text ul_item_indent=\u00a0\u00bb32px\u00a0\u00bb _builder_version=\u00a0\u00bb4.14.7&Prime; _module_preset=\u00a0\u00bbdefault\u00a0\u00bb text_font=\u00a0\u00bb||||||||\u00a0\u00bb text_text_color=\u00a0\u00bb#333333&Prime; text_font_size=\u00a0\u00bb21px\u00a0\u00bb text_line_height=\u00a0\u00bb32px\u00a0\u00bb ul_text_color=\u00a0\u00bb#0276BB\u00a0\u00bb header_2_font=\u00a0\u00bbVarela Round|700|||||||\u00a0\u00bb header_2_text_color=\u00a0\u00bb#3BAE49&Prime; header_2_font_size=\u00a0\u00bb32px\u00a0\u00bb header_2_line_height=\u00a0\u00bb36px\u00a0\u00bb header_3_font=\u00a0\u00bb|300|on||||||\u00a0\u00bb header_3_text_color=\u00a0\u00bb#0276BB\u00a0\u00bb header_3_font_size=\u00a0\u00bb24px\u00a0\u00bb header_3_line_height=\u00a0\u00bb32px\u00a0\u00bb global_colors_info=\u00a0\u00bb{}\u00a0\u00bb]<\/p>\n<p>Des pr\u00e9sentations\/s\u00e9ances d\u2019information SOPDI peuvent \u00eatre fournies sur demande. Les pr\u00e9sentations comprennent des informations sur les crit\u00e8res d\u2019admissibilit\u00e9, le processus de demande, les services et soutiens aux adultes ayant une d\u00e9ficience intellectuelle et autres renseignements encore.<\/p>\n<p>Veuillez remplir le formulaire ci-dessous pour demander une pr\u00e9sentation\/s\u00e9ance d\u2019information et un repr\u00e9sentant de SOPDIRN vous contactera au sujet de votre demande.<\/p>\n<p>[\/et_pb_text][et_pb_text _builder_version=\u00a0\u00bb4.14.7&Prime; _module_preset=\u00a0\u00bbdefault\u00a0\u00bb hover_enabled=\u00a0\u00bb0&Prime; global_colors_info=\u00a0\u00bb{}\u00a0\u00bb sticky_enabled=\u00a0\u00bb0&Prime;]<\/p>\n<h3>Appel sans frais : 1-855-367-6673<\/h3>\n<p><div class=\"frm_forms  with_frm_style frm_style_formidable-style\" id=\"frm_form_3_container\" data-token=\"4bc493ac3e48c1936dcfc78ab2cc6bb9\">\n<form enctype=\"multipart\/form-data\" method=\"post\" class=\"frm-show-form \" id=\"form_requestapresentation-fr\" data-token=\"4bc493ac3e48c1936dcfc78ab2cc6bb9\">\n<div class=\"frm_form_fields \">\n<fieldset>\n<legend class=\"frm_screen_reader\">Request a Presentation (FR)<\/legend>\r\n<h3 class=\"frm_form_title\">Request a Presentation (FR)<\/h3>\r\n<div class=\"frm_fields_container\">\n<input type=\"hidden\" name=\"frm_action\" value=\"create\" \/>\n<input type=\"hidden\" name=\"form_id\" value=\"3\" \/>\n<input type=\"hidden\" name=\"frm_hide_fields_3\" id=\"frm_hide_fields_3\" value=\"\" \/>\n<input type=\"hidden\" name=\"form_key\" value=\"requestapresentation-fr\" \/>\n<input type=\"hidden\" name=\"item_meta[0]\" value=\"\" \/>\n<input type=\"hidden\" id=\"frm_submit_entry_3\" name=\"frm_submit_entry_3\" value=\"6c2fda1d78\" \/><input type=\"hidden\" name=\"_wp_http_referer\" value=\"\/fr\/wp-json\/wp\/v2\/pages\/621\" \/><div id=\"frm_field_11_container\" class=\"frm_form_field form-field  frm_required_field frm_top_container frm6 frm_first\">\r\n    <label for=\"field_fy8aa2\" id=\"field_fy8aa2_label\" class=\"frm_primary_label\">Entrez votre nom\r\n        <span class=\"frm_required\" aria-hidden=\"true\">*<\/span>\r\n    <\/label>\r\n    <input type=\"text\" id=\"field_fy8aa2\" name=\"item_meta[11]\" value=\"\"  data-reqmsg=\"Entrez votre nom cannot be blank.\" aria-required=\"true\" data-invmsg=\"Text is invalid\" aria-invalid=\"false\"  \/>\r\n    \r\n    \r\n<\/div>\n<div id=\"frm_field_12_container\" class=\"frm_form_field form-field  frm_required_field frm_top_container frm6\">\r\n    <label for=\"field_5xu9d2\" id=\"field_5xu9d2_label\" class=\"frm_primary_label\">Entrez votre num\u00e9ro de t\u00e9l\u00e9phone\r\n        <span class=\"frm_required\" aria-hidden=\"true\">*<\/span>\r\n    <\/label>\r\n    <input type=\"tel\" id=\"field_5xu9d2\" name=\"item_meta[12]\" value=\"\"  data-reqmsg=\"Entrez votre num\u00e9ro de t\u00e9l\u00e9phone cannot be blank.\" aria-required=\"true\" data-invmsg=\"Phone is invalid\" aria-invalid=\"false\" pattern=\"((\\+\\d{1,3}(-|.| )?\\(?\\d\\)?(-| |.)?\\d{1,5})|(\\(?\\d{2,6}\\)?))(-|.| )?(\\d{3,4})(-|.| )?(\\d{4})(( x| ext)\\d{1,5}){0,1}$\"  \/>\r\n    \r\n    \r\n<\/div>\n<div id=\"frm_field_13_container\" class=\"frm_form_field form-field  frm_required_field frm_top_container frm6 frm_first\">\r\n    <label for=\"field_grwfb2\" id=\"field_grwfb2_label\" class=\"frm_primary_label\">Date(s) de disponibilit\u00e9\r\n        <span class=\"frm_required\" aria-hidden=\"true\">*<\/span>\r\n    <\/label>\r\n    <input type=\"text\" id=\"field_grwfb2\" name=\"item_meta[13]\" value=\"\"  placeholder=\"yyyy-mm-dd\" data-reqmsg=\"Date(s) de disponibilit\u00e9 cannot be blank.\" aria-required=\"true\" data-invmsg=\"Text is invalid\" aria-invalid=\"false\"  \/>\r\n    \r\n    \r\n<\/div>\n<div id=\"frm_field_14_container\" class=\"frm_form_field form-field  frm_required_field frm_top_container frm6\">\r\n    <label for=\"field_r7msd2\" id=\"field_r7msd2_label\" class=\"frm_primary_label\">Courriel\r\n        <span class=\"frm_required\" aria-hidden=\"true\">*<\/span>\r\n    <\/label>\r\n    <input type=\"email\" id=\"field_r7msd2\" name=\"item_meta[14]\" value=\"\"  data-reqmsg=\"Courriel cannot be blank.\" aria-required=\"true\" data-invmsg=\"Email is invalid\" aria-invalid=\"false\"  \/>\r\n    \r\n    \r\n<\/div>\n<div id=\"frm_field_15_container\" class=\"frm_form_field form-field  frm_required_field frm_top_container\">\r\n    <label for=\"field_azepg2\" id=\"field_azepg2_label\" class=\"frm_primary_label\">S\u00e9lectionnez votre district\r\n        <span class=\"frm_required\" aria-hidden=\"true\">*<\/span>\r\n    <\/label>\r\n    \t\t<select name=\"item_meta[15]\" id=\"field_azepg2\"  data-reqmsg=\"S\u00e9lectionnez votre district cannot be blank.\" aria-required=\"true\" data-invmsg=\"S\u00e9lectionnez votre district est non valide\" aria-invalid=\"false\"  >\n\t\t<option  value=\"Thunder Bay\">Thunder Bay<\/option><option  value=\"Dryden\">Dryden<\/option><option  value=\"Marathon\">Marathon<\/option><option  value=\"Sault Ste. Marie\">Sault Ste. Marie<\/option><option  value=\"Sudbury\">Sudbury<\/option>\t<\/select>\n\t\r\n    \r\n    \r\n<\/div>\n\t<input type=\"hidden\" name=\"item_key\" value=\"\" \/>\n\t\t\t<div id=\"frm_field_45_container\">\n\t\t\t<label for=\"field_hs6cw\" >\n\t\t\t\tSi vous \u00eates un humain, ne remplissez pas ce champ.\t\t\t<\/label>\n\t\t\t<input  id=\"field_hs6cw\" type=\"text\" class=\"frm_form_field form-field frm_verify\" name=\"item_meta[45]\" value=\"\"  \/>\n\t\t<\/div>\n\t\t<input name=\"frm_state\" type=\"hidden\" value=\"LH7JJZnYPwv1x8tsKIdDblt3gtxKeejFVh+TZIOtz\/g=\" \/><div class=\"frm_submit\">\r\n\r\n<button class=\"frm_button_submit\" type=\"submit\"  >Soumettre<\/button>\r\n\r\n<\/div><\/div>\n<\/fieldset>\n<\/div>\n\n<\/form>\n<\/div>\n[\/et_pb_text][\/et_pb_column][\/et_pb_row][\/et_pb_section]<\/p>\n","protected":false},"excerpt":{"rendered":"<p>Demander une pr\u00e9sentationDes pr\u00e9sentations\/s\u00e9ances d\u2019information SOPDI peuvent \u00eatre fournies sur demande. Les pr\u00e9sentations comprennent des informations sur les crit\u00e8res d\u2019admissibilit\u00e9, le processus de demande, les services et soutiens aux adultes [&hellip;]<\/p>\n","protected":false},"author":1,"featured_media":0,"parent":618,"menu_order":0,"comment_status":"closed","ping_status":"closed","template":"","meta":{"_et_pb_use_builder":"on","_et_pb_old_content":"","_et_gb_content_width":"","footnotes":""},"class_list":["post-621","page","type-page","status-publish","hentry"],"aioseo_notices":[],"_links":{"self":[{"href":"https:\/\/www.lccare.ca\/fr\/wp-json\/wp\/v2\/pages\/621","targetHints":{"allow":["GET"]}}],"collection":[{"href":"https:\/\/www.lccare.ca\/fr\/wp-json\/wp\/v2\/pages"}],"about":[{"href":"https:\/\/www.lccare.ca\/fr\/wp-json\/wp\/v2\/types\/page"}],"author":[{"embeddable":true,"href":"https:\/\/www.lccare.ca\/fr\/wp-json\/wp\/v2\/users\/1"}],"replies":[{"embeddable":true,"href":"https:\/\/www.lccare.ca\/fr\/wp-json\/wp\/v2\/comments?post=621"}],"version-history":[{"count":6,"href":"https:\/\/www.lccare.ca\/fr\/wp-json\/wp\/v2\/pages\/621\/revisions"}],"predecessor-version":[{"id":696,"href":"https:\/\/www.lccare.ca\/fr\/wp-json\/wp\/v2\/pages\/621\/revisions\/696"}],"up":[{"embeddable":true,"href":"https:\/\/www.lccare.ca\/fr\/wp-json\/wp\/v2\/pages\/618"}],"wp:attachment":[{"href":"https:\/\/www.lccare.ca\/fr\/wp-json\/wp\/v2\/media?parent=621"}],"curies":[{"name":"wp","href":"https:\/\/api.w.org\/{rel}","templated":true}]}}