{"id":594,"date":"2022-01-26T12:27:57","date_gmt":"2022-01-26T17:27:57","guid":{"rendered":"https:\/\/www.lccare.ca\/programmes-et-services\/programme-de-services-sociaux\/"},"modified":"2022-06-02T09:25:04","modified_gmt":"2022-06-02T14:25:04","slug":"programme-de-services-sociaux","status":"publish","type":"page","link":"https:\/\/www.lccare.ca\/fr\/programmes-et-services\/programme-de-services-sociaux\/","title":{"rendered":"Programme de services sociaux"},"content":{"rendered":"<p>[et_pb_section fb_built=\u00a0\u00bb1&Prime; _builder_version=\u00a0\u00bb4.14.6&Prime; _module_preset=\u00a0\u00bbdefault\u00a0\u00bb custom_padding=\u00a0\u00bb80px||80px||false|false\u00a0\u00bb global_colors_info=\u00a0\u00bb{}\u00a0\u00bb][et_pb_row make_equal=\u00a0\u00bbon\u00a0\u00bb _builder_version=\u00a0\u00bb4.14.6&Prime; _module_preset=\u00a0\u00bbdefault\u00a0\u00bb max_width=\u00a0\u00bb1440px\u00a0\u00bb global_colors_info=\u00a0\u00bb{}\u00a0\u00bb][et_pb_column type=\u00a0\u00bb4_4&Prime; _builder_version=\u00a0\u00bb4.14.6&Prime; _module_preset=\u00a0\u00bbdefault\u00a0\u00bb global_colors_info=\u00a0\u00bb{}\u00a0\u00bb][et_pb_blurb image=\u00a0\u00bbhttps:\/\/www.lccare.ca\/wp-content\/uploads\/2022\/01\/TBDSSAB-Logo-01.png\u00a0\u00bb icon_placement=\u00a0\u00bbleft\u00a0\u00bb content_max_width=\u00a0\u00bb100%\u00a0\u00bb icon_placement_tablet=\u00a0\u00bbtop\u00a0\u00bb icon_placement_phone=\u00a0\u00bbtop\u00a0\u00bb icon_placement_last_edited=\u00a0\u00bbon|phone\u00a0\u00bb module_class=\u00a0\u00bbblurb-img\u00a0\u00bb _builder_version=\u00a0\u00bb4.14.7&Prime; _module_preset=\u00a0\u00bbdefault\u00a0\u00bb global_colors_info=\u00a0\u00bb{}\u00a0\u00bb]<\/p>\n<p>Le programme de services sociaux est un programme communautaire diversifi\u00e9 qui offre une multitude de services aux personnes visant \u00e0 am\u00e9liorer leur qualit\u00e9 de vie, \u00e0 rationaliser leur acc\u00e8s aux soins de sant\u00e9, \u00e0 r\u00e9duire le risque de se retrouver sans abri et \u00e0 maintenir leur s\u00e9curit\u00e9 financi\u00e8re et leur autonomie. Les services comprennent la d\u00e9fense des int\u00e9r\u00eats, l\u2019orientation et l\u2019information, la coordination des soutiens \u00e0 la vie quotidienne, la traduction et le transport, notamment en ce qui concerne les soins de sant\u00e9.<\/p>\n<p>Les orientations vers notre programme de services sociaux peuvent \u00eatre r\u00e9alis\u00e9es par le personnel de sant\u00e9, la police, le clerg\u00e9, les gestionnaires immobiliers, les amis et la famille, ou d\u2019autres organismes de services sociaux.<\/p>\n<p>Le centre Lutheran Community Care joue un r\u00f4le important pour les r\u00e9sidents de Luther Court. Nous offrons une assistance hebdomadaire pour les rendez-vous m\u00e9dicaux, nous fournissons des services de counseling et nous aidons \u00e0 coordonner d\u2019autres services communautaires. Nous facilitons \u00e9galement les possibilit\u00e9s de socialisation pour les r\u00e9sidents de Luther Court.<\/p>\n<p>Le programme de services sociaux et le soutien offert aux r\u00e9sidents de Luther Court sont financ\u00e9s en partie par le conseil d\u2019administration des services sociaux du district de Thunder Bay, le District of Thunder Bay Social Services Administration Board.<\/p>\n<p>Les dons nous aident \u00e0 maintenir notre niveau de service et \u00e0 r\u00e9pondre aux crises gr\u00e2ce \u00e0 un fonds d\u2019urgence.<\/p>\n<p>[\/et_pb_blurb][\/et_pb_column][\/et_pb_row][\/et_pb_section]<\/p>\n","protected":false},"excerpt":{"rendered":"<p>Le programme de services sociaux est un programme communautaire diversifi\u00e9 qui offre une multitude de services aux personnes visant \u00e0 am\u00e9liorer leur qualit\u00e9 de vie, \u00e0 rationaliser leur acc\u00e8s aux [&hellip;]<\/p>\n","protected":false},"author":1,"featured_media":0,"parent":557,"menu_order":0,"comment_status":"closed","ping_status":"closed","template":"","meta":{"_et_pb_use_builder":"on","_et_pb_old_content":"","_et_gb_content_width":"","footnotes":""},"class_list":["post-594","page","type-page","status-publish","hentry"],"aioseo_notices":[],"_links":{"self":[{"href":"https:\/\/www.lccare.ca\/fr\/wp-json\/wp\/v2\/pages\/594","targetHints":{"allow":["GET"]}}],"collection":[{"href":"https:\/\/www.lccare.ca\/fr\/wp-json\/wp\/v2\/pages"}],"about":[{"href":"https:\/\/www.lccare.ca\/fr\/wp-json\/wp\/v2\/types\/page"}],"author":[{"embeddable":true,"href":"https:\/\/www.lccare.ca\/fr\/wp-json\/wp\/v2\/users\/1"}],"replies":[{"embeddable":true,"href":"https:\/\/www.lccare.ca\/fr\/wp-json\/wp\/v2\/comments?post=594"}],"version-history":[{"count":4,"href":"https:\/\/www.lccare.ca\/fr\/wp-json\/wp\/v2\/pages\/594\/revisions"}],"predecessor-version":[{"id":598,"href":"https:\/\/www.lccare.ca\/fr\/wp-json\/wp\/v2\/pages\/594\/revisions\/598"}],"up":[{"embeddable":true,"href":"https:\/\/www.lccare.ca\/fr\/wp-json\/wp\/v2\/pages\/557"}],"wp:attachment":[{"href":"https:\/\/www.lccare.ca\/fr\/wp-json\/wp\/v2\/media?parent=594"}],"curies":[{"name":"wp","href":"https:\/\/api.w.org\/{rel}","templated":true}]}}