{"id":587,"date":"2022-01-26T12:08:23","date_gmt":"2022-01-26T17:08:23","guid":{"rendered":"https:\/\/www.lccare.ca\/programmes-et-services\/service-de-pastorale\/"},"modified":"2025-11-27T13:14:00","modified_gmt":"2025-11-27T18:14:00","slug":"service-de-pastorale","status":"publish","type":"page","link":"https:\/\/www.lccare.ca\/fr\/programmes-et-services\/service-de-pastorale\/","title":{"rendered":"Service de pastorale"},"content":{"rendered":"<p>[et_pb_section fb_built=\u00a0\u00bb1&Prime; _builder_version=\u00a0\u00bb4.16&Prime; _module_preset=\u00a0\u00bbdefault\u00a0\u00bb custom_padding=\u00a0\u00bb80px||80px||false|false\u00a0\u00bb global_colors_info=\u00a0\u00bb{}\u00a0\u00bb][et_pb_row column_structure=\u00a0\u00bb1_2,1_2&Prime; make_equal=\u00a0\u00bbon\u00a0\u00bb _builder_version=\u00a0\u00bb4.16&Prime; _module_preset=\u00a0\u00bbdefault\u00a0\u00bb max_width=\u00a0\u00bb1440px\u00a0\u00bb global_colors_info=\u00a0\u00bb{}\u00a0\u00bb][et_pb_column type=\u00a0\u00bb1_2&Prime; _builder_version=\u00a0\u00bb4.16&Prime; _module_preset=\u00a0\u00bbdefault\u00a0\u00bb global_colors_info=\u00a0\u00bb{}\u00a0\u00bb][et_pb_text ul_item_indent=\u00a0\u00bb32px\u00a0\u00bb _builder_version=\u00a0\u00bb4.16&Prime; _module_preset=\u00a0\u00bbdefault\u00a0\u00bb text_font=\u00a0\u00bb||||||||\u00a0\u00bb text_text_color=\u00a0\u00bb#333333&Prime; text_line_height=\u00a0\u00bb24px\u00a0\u00bb link_text_color=\u00a0\u00bb#0271B1&Prime; ul_text_color=\u00a0\u00bb#0276BB\u00a0\u00bb header_2_font=\u00a0\u00bbVarela Round|700|||||||\u00a0\u00bb header_2_text_color=\u00a0\u00bb#2B7D35&Prime; header_2_font_size=\u00a0\u00bb32px\u00a0\u00bb header_2_line_height=\u00a0\u00bb36px\u00a0\u00bb header_3_font=\u00a0\u00bb|300|on||||||\u00a0\u00bb header_3_text_color=\u00a0\u00bb#2B7D35&Prime; header_3_font_size=\u00a0\u00bb24px\u00a0\u00bb header_3_line_height=\u00a0\u00bb32px\u00a0\u00bb custom_margin=\u00a0\u00bb||30px||false|false\u00a0\u00bb global_colors_info=\u00a0\u00bb{}\u00a0\u00bb link_text_color__hover_enabled=\u00a0\u00bbon|hover\u00a0\u00bb link_text_color__hover=\u00a0\u00bb#2B7D35&Prime;]<\/p>\n<h2>\u00c0 propos du programme<\/h2>\n<p>Le service de pastorale consiste \u00e0 renforcer les personnes dans leur foi et \u00e0 les aider \u00e0 r\u00e9soudre leurs pr\u00e9occupations spirituelles. Gr\u00e2ce \u00e0 un effort coordonn\u00e9 des agents du service de pastorale, du clerg\u00e9 luth\u00e9rien et de nombreux b\u00e9n\u00e9voles d\u00e9vou\u00e9s, nous facilitons les occasions de louange et le soutien bas\u00e9 sur la foi aux personnes et \u00e0 leurs familles. Nous proposons des services de louange mensuels dans les \u00e9tablissements de soins de longue dur\u00e9e, effectuons des visites r\u00e9guli\u00e8res aux personnes hospitalis\u00e9es ou en foyer de soins qui en font la demande, et soutenons les familles des proches pris en charge.<\/p>\n<p>Nous n\u2019entrons en contact qu\u2019avec les personnes qui se sont identifi\u00e9es comme \u00e9tant de confession luth\u00e9rienne, qui ont une affinit\u00e9 avec l\u2019\u00c9glise luth\u00e9rienne ou qui ont contact\u00e9 notre agent de soins pastoraux. Les personnes de toutes confessions sont invit\u00e9es \u00e0 contacter notre service de soins pastoraux. Nous tiendrons compte de la foi d\u2019une personne en adoptant une approche \u0153cum\u00e9nique, en soutenant respectueusement sa foi, ses croyances et ses moyens d\u2019exprimer sa spiritualit\u00e9. Nous aiderons \u00e9galement \u00e0 \u00e9tablir ou \u00e0 r\u00e9tablir un lien avec une \u00e9glise ou un ministre d\u2019un groupe confessionnel avec lequel une personne a exprim\u00e9 une affinit\u00e9 pour un soutien spirituel continu.<\/p>\n<p>Si vous d\u00e9sirez rejoindre le service de pastorale, vous pouvez appeler le 807-345-6062 poste 117 ou envoyer un courriel \u00e0 <a href=\"mailto:a.zhao@lccare.ca\">a.zhao@lccare.ca<\/a> et communiquer avec Angie Zhao, notre agente de pastorale.<\/p>\n<p><strong>Le nouveau calendrier des services de louange sera bient\u00f4t disponible.<\/strong><\/p>\n<p>[\/et_pb_text][et_pb_button button_url=\u00a0\u00bbhttps:\/\/www.lccare.ca\/wp-content\/uploads\/2022\/01\/PastoralCareWorshipServiceSchedule-Fall2019.pdf\u00a0\u00bb url_new_window=\u00a0\u00bbon\u00a0\u00bb button_text=\u00a0\u00bbWorship Service Schedule\u00a0\u00bb disabled_on=\u00a0\u00bbon|on|on\u00a0\u00bb _builder_version=\u00a0\u00bb4.16&Prime; _module_preset=\u00a0\u00bbdefault\u00a0\u00bb custom_button=\u00a0\u00bbon\u00a0\u00bb button_use_icon=\u00a0\u00bboff\u00a0\u00bb disabled=\u00a0\u00bbon\u00a0\u00bb global_colors_info=\u00a0\u00bb{}\u00a0\u00bb button_border_radius__hover_enabled=\u00a0\u00bbon|hover\u00a0\u00bb button_border_radius__hover=\u00a0\u00bb30px\u00a0\u00bb][\/et_pb_button][\/et_pb_column][et_pb_column type=\u00a0\u00bb1_2&Prime; _builder_version=\u00a0\u00bb4.16&Prime; _module_preset=\u00a0\u00bbdefault\u00a0\u00bb custom_css_main_element=\u00a0\u00bbmargin: auto;\u00a0\u00bb global_colors_info=\u00a0\u00bb{}\u00a0\u00bb][et_pb_image src=\u00a0\u00bbhttps:\/\/www.lccare.ca\/wp-content\/uploads\/2022\/01\/PastoralService-01.jpg\u00a0\u00bb title_text=\u00a0\u00bbPastoralService-01&Prime; _builder_version=\u00a0\u00bb4.16&Prime; _module_preset=\u00a0\u00bbdefault\u00a0\u00bb custom_margin=\u00a0\u00bb||10px||false|false\u00a0\u00bb global_colors_info=\u00a0\u00bb{}\u00a0\u00bb][\/et_pb_image][\/et_pb_column][\/et_pb_row][\/et_pb_section]<\/p>\n","protected":false},"excerpt":{"rendered":"<p>\u00c0 propos du programme Le service de pastorale consiste \u00e0 renforcer les personnes dans leur foi et \u00e0 les aider \u00e0 r\u00e9soudre leurs pr\u00e9occupations spirituelles. Gr\u00e2ce \u00e0 un effort coordonn\u00e9 [&hellip;]<\/p>\n","protected":false},"author":1,"featured_media":0,"parent":557,"menu_order":0,"comment_status":"closed","ping_status":"closed","template":"","meta":{"_et_pb_use_builder":"on","_et_pb_old_content":"","_et_gb_content_width":"","footnotes":""},"class_list":["post-587","page","type-page","status-publish","hentry"],"aioseo_notices":[],"_links":{"self":[{"href":"https:\/\/www.lccare.ca\/fr\/wp-json\/wp\/v2\/pages\/587","targetHints":{"allow":["GET"]}}],"collection":[{"href":"https:\/\/www.lccare.ca\/fr\/wp-json\/wp\/v2\/pages"}],"about":[{"href":"https:\/\/www.lccare.ca\/fr\/wp-json\/wp\/v2\/types\/page"}],"author":[{"embeddable":true,"href":"https:\/\/www.lccare.ca\/fr\/wp-json\/wp\/v2\/users\/1"}],"replies":[{"embeddable":true,"href":"https:\/\/www.lccare.ca\/fr\/wp-json\/wp\/v2\/comments?post=587"}],"version-history":[{"count":10,"href":"https:\/\/www.lccare.ca\/fr\/wp-json\/wp\/v2\/pages\/587\/revisions"}],"predecessor-version":[{"id":1492,"href":"https:\/\/www.lccare.ca\/fr\/wp-json\/wp\/v2\/pages\/587\/revisions\/1492"}],"up":[{"embeddable":true,"href":"https:\/\/www.lccare.ca\/fr\/wp-json\/wp\/v2\/pages\/557"}],"wp:attachment":[{"href":"https:\/\/www.lccare.ca\/fr\/wp-json\/wp\/v2\/media?parent=587"}],"curies":[{"name":"wp","href":"https:\/\/api.w.org\/{rel}","templated":true}]}}