{"id":572,"date":"2022-01-25T16:29:15","date_gmt":"2022-01-25T21:29:15","guid":{"rendered":"https:\/\/www.lccare.ca\/programmes-et-services\/programme-des-services-de-protection-des-adultes\/"},"modified":"2022-06-16T15:08:09","modified_gmt":"2022-06-16T20:08:09","slug":"programme-des-services-de-protection-des-adultes","status":"publish","type":"page","link":"https:\/\/www.lccare.ca\/fr\/programmes-et-services\/programme-des-services-de-protection-des-adultes\/","title":{"rendered":"Programme des services de protection des adultes"},"content":{"rendered":"<p>[et_pb_section fb_built=\u00a0\u00bb1&Prime; _builder_version=\u00a0\u00bb4.14.6&Prime; _module_preset=\u00a0\u00bbdefault\u00a0\u00bb custom_padding=\u00a0\u00bb80px||80px||false|false\u00a0\u00bb global_colors_info=\u00a0\u00bb{}\u00a0\u00bb][et_pb_row column_structure=\u00a0\u00bb1_2,1_2&Prime; _builder_version=\u00a0\u00bb4.14.6&Prime; _module_preset=\u00a0\u00bbdefault\u00a0\u00bb max_width=\u00a0\u00bb1440px\u00a0\u00bb global_colors_info=\u00a0\u00bb{}\u00a0\u00bb][et_pb_column type=\u00a0\u00bb1_2&Prime; _builder_version=\u00a0\u00bb4.14.6&Prime; _module_preset=\u00a0\u00bbdefault\u00a0\u00bb global_colors_info=\u00a0\u00bb{}\u00a0\u00bb][et_pb_text ul_item_indent=\u00a0\u00bb32px\u00a0\u00bb _builder_version=\u00a0\u00bb4.14.7&Prime; _module_preset=\u00a0\u00bbdefault\u00a0\u00bb text_font=\u00a0\u00bb||||||||\u00a0\u00bb text_text_color=\u00a0\u00bb#333333&Prime; text_line_height=\u00a0\u00bb24px\u00a0\u00bb ul_text_color=\u00a0\u00bb#0276BB\u00a0\u00bb header_2_font=\u00a0\u00bbVarela Round|700|||||||\u00a0\u00bb header_2_text_color=\u00a0\u00bb#3BAE49&Prime; header_2_font_size=\u00a0\u00bb32px\u00a0\u00bb header_2_line_height=\u00a0\u00bb36px\u00a0\u00bb header_3_font=\u00a0\u00bb|300|on||||||\u00a0\u00bb header_3_text_color=\u00a0\u00bb#0276BB\u00a0\u00bb header_3_font_size=\u00a0\u00bb24px\u00a0\u00bb header_3_line_height=\u00a0\u00bb32px\u00a0\u00bb global_colors_info=\u00a0\u00bb{}\u00a0\u00bb]<\/p>\n<h2>\u00c0 propos du programme<\/h2>\n<p>Le programme de services de protection des adultes aide les adultes ayant une d\u00e9ficience intellectuelle \u00e0 vivre de fa\u00e7on autonome et s\u00fbre dans la communaut\u00e9. Le programme collabore \u00e9galement avec d\u2019autres partenaires communautaires afin d\u2019am\u00e9liorer l\u2019acc\u00e8s aux services, de sensibiliser la population aux d\u00e9ficiences intellectuelles et de r\u00e9duire les obstacles pour toutes et tous. Le programme est offert aux personnes qui vivent \u00e0 Thunder Bay et le long de la c\u00f4te nord. Le programme est offert aux personnes qui vivent \u00e0 Thunder Bay et le long de la c\u00f4te nord.[\/et_pb_text][\/et_pb_column][et_pb_column type=\u00a0\u00bb1_2&Prime; _builder_version=\u00a0\u00bb4.14.6&Prime; _module_preset=\u00a0\u00bbdefault\u00a0\u00bb global_colors_info=\u00a0\u00bb{}\u00a0\u00bb][et_pb_video src=\u00a0\u00bbhttps:\/\/www.lccare.ca\/wp-content\/uploads\/1643\/47\/sams.mp4&Prime; _builder_version=\u00a0\u00bb4.14.7&Prime; _module_preset=\u00a0\u00bbdefault\u00a0\u00bb global_colors_info=\u00a0\u00bb{}\u00a0\u00bb][\/et_pb_video][\/et_pb_column][\/et_pb_row][et_pb_row column_structure=\u00a0\u00bb1_3,1_3,1_3&Prime; _builder_version=\u00a0\u00bb4.14.6&Prime; _module_preset=\u00a0\u00bbdefault\u00a0\u00bb max_width=\u00a0\u00bb1440px\u00a0\u00bb global_colors_info=\u00a0\u00bb{}\u00a0\u00bb][et_pb_column type=\u00a0\u00bb1_3&Prime; _builder_version=\u00a0\u00bb4.14.6&Prime; _module_preset=\u00a0\u00bbdefault\u00a0\u00bb global_colors_info=\u00a0\u00bb{}\u00a0\u00bb][et_pb_text ul_item_indent=\u00a0\u00bb32px\u00a0\u00bb _builder_version=\u00a0\u00bb4.14.7&Prime; _module_preset=\u00a0\u00bbdefault\u00a0\u00bb text_font=\u00a0\u00bb||||||||\u00a0\u00bb text_text_color=\u00a0\u00bb#333333&Prime; text_line_height=\u00a0\u00bb24px\u00a0\u00bb ul_text_color=\u00a0\u00bb#0276BB\u00a0\u00bb header_2_font=\u00a0\u00bbVarela Round|700|||||||\u00a0\u00bb header_2_text_color=\u00a0\u00bb#3BAE49&Prime; header_2_font_size=\u00a0\u00bb32px\u00a0\u00bb header_2_line_height=\u00a0\u00bb36px\u00a0\u00bb header_3_font=\u00a0\u00bb|700|||||||\u00a0\u00bb header_3_text_color=\u00a0\u00bb#3BAE49&Prime; header_3_font_size=\u00a0\u00bb18px\u00a0\u00bb header_3_line_height=\u00a0\u00bb24px\u00a0\u00bb global_colors_info=\u00a0\u00bb{}\u00a0\u00bb]<\/p>\n<h3>Le soutien auquel vous pouvez vous attendre de la part du Programme de services de protection des adultes comprend ce qui suit :<\/h3>\n<ul>\n<li>Une relation professionnelle fond\u00e9e sur la confiance et le respect, qui permet de comprendre les forces, les domaines de d\u00e9veloppement et les objectifs de chaque personne.<\/li>\n<li>Encouragement et droit \u00e0 l\u2019autod\u00e9termination.<\/li>\n<li>Une participation active \u00e0 l\u2019acc\u00e8s, au suivi et au maintien des services n\u00e9cessaires.<\/li>\n<li>Des informations sur les ressources et les possibilit\u00e9s offertes par la communaut\u00e9.\n<li>Une aide pour apprendre et acqu\u00e9rir de nouvelles aptitudes \u00e0 la vie quotidienne.<\/li>\n<li>la d\u00e9fense des int\u00e9r\u00eats des personnes afin qu\u2019elles connaissent leurs droits, qu\u2019elles soient trait\u00e9es \u00e9quitablement et qu\u2019elles soient respect\u00e9es.<\/li>\n<\/ul>\n<p>[\/et_pb_text][\/et_pb_column][et_pb_column type=\u00a0\u00bb1_3&Prime; _builder_version=\u00a0\u00bb4.14.6&Prime; _module_preset=\u00a0\u00bbdefault\u00a0\u00bb global_colors_info=\u00a0\u00bb{}\u00a0\u00bb][et_pb_text ul_item_indent=\u00a0\u00bb32px\u00a0\u00bb _builder_version=\u00a0\u00bb4.14.7&Prime; _module_preset=\u00a0\u00bbdefault\u00a0\u00bb text_font=\u00a0\u00bb||||||||\u00a0\u00bb text_text_color=\u00a0\u00bb#333333&Prime; text_line_height=\u00a0\u00bb24px\u00a0\u00bb link_text_color=\u00a0\u00bb#EE9721&Prime; ul_text_color=\u00a0\u00bb#0276BB\u00a0\u00bb header_2_font=\u00a0\u00bbVarela Round|700|||||||\u00a0\u00bb header_2_text_color=\u00a0\u00bb#3BAE49&Prime; header_2_font_size=\u00a0\u00bb32px\u00a0\u00bb header_2_line_height=\u00a0\u00bb36px\u00a0\u00bb header_3_font=\u00a0\u00bb|700|||||||\u00a0\u00bb header_3_text_color=\u00a0\u00bb#3BAE49&Prime; header_3_font_size=\u00a0\u00bb18px\u00a0\u00bb header_3_line_height=\u00a0\u00bb24px\u00a0\u00bb global_colors_info=\u00a0\u00bb{}\u00a0\u00bb link_text_color__hover_enabled=\u00a0\u00bbon|hover\u00a0\u00bb link_text_color__hover=\u00a0\u00bb#0276BB\u00a0\u00bb]<\/p>\n<h3>Si vous souhaitez en savoir plus sur le programme des travailleurs du service de protection des adultes, les ressources suivantes peuvent vous int\u00e9resser :<\/h3>\n<ul>\n<li><a href=\"http:\/\/www.mcss.gov.on.ca\/en\/mcss\/publications\/developmentalServices\/policyGuidelinesAdultProtectiveService\/tableOfContents.aspx\">Lignes directrices du Programme de protection des adultes, 2012<\/a><\/li>\n<li><a href=\"http:\/\/www.mcss.gov.on.ca\/en\/mcss\/programs\/developmental\/serviceSupport\/apsw.aspx\">Minist\u00e8re des Services sociaux et communautaires \u2014 Travailleur en service de protection des adultes<\/a><\/li>\n<li><a href=\"http:\/\/www.apsao.org\/service-coordination\" target=\"_blank\" rel=\"noopener\">Adult Protective Services Association of Ontario (Association des services de protection des adultes de l\u2019Ontario) en anglais seulement<\/a><\/li>\n<\/ul>\n<p>[\/et_pb_text][\/et_pb_column][et_pb_column type=\u00a0\u00bb1_3&Prime; _builder_version=\u00a0\u00bb4.14.6&Prime; _module_preset=\u00a0\u00bbdefault\u00a0\u00bb global_colors_info=\u00a0\u00bb{}\u00a0\u00bb][et_pb_text ul_item_indent=\u00a0\u00bb32px\u00a0\u00bb _builder_version=\u00a0\u00bb4.14.7&Prime; _module_preset=\u00a0\u00bbdefault\u00a0\u00bb text_font=\u00a0\u00bb||||||||\u00a0\u00bb text_text_color=\u00a0\u00bb#333333&Prime; text_line_height=\u00a0\u00bb24px\u00a0\u00bb link_text_color=\u00a0\u00bb#0276BB\u00a0\u00bb ul_text_color=\u00a0\u00bb#0276BB\u00a0\u00bb header_2_font=\u00a0\u00bbVarela Round|700|||||||\u00a0\u00bb header_2_text_color=\u00a0\u00bb#3BAE49&Prime; header_2_font_size=\u00a0\u00bb32px\u00a0\u00bb header_2_line_height=\u00a0\u00bb36px\u00a0\u00bb header_3_font=\u00a0\u00bb|700|||||||\u00a0\u00bb header_3_text_color=\u00a0\u00bb#3BAE49&Prime; header_3_font_size=\u00a0\u00bb18px\u00a0\u00bb header_3_line_height=\u00a0\u00bb24px\u00a0\u00bb hover_enabled=\u00a0\u00bb0&Prime; global_colors_info=\u00a0\u00bb{}\u00a0\u00bb link_text_color__hover_enabled=\u00a0\u00bbon|hover\u00a0\u00bb link_text_color__hover=\u00a0\u00bb#333333&Prime; sticky_enabled=\u00a0\u00bb0&Prime;]<\/p>\n<h3>Si vous souhaitez recevoir des services dans le cadre du Programme des services de protection pour adultes, veuillez communiquer avec les Services de l\u2019Ontario pour les personnes ayant une d\u00e9ficience intellectuelle \u2014 R\u00e9gion du Nord :<\/h3>\n<p>Les Services de l\u2019Ontario pour les personnes ayant une d\u00e9ficience intellectuelle de la r\u00e9gion du Nord de l\u2019Ontario (SOPDIRN)<br \/>Lutheran Community Care<br \/>245B Bay Street<br \/>Thunder Bay, Ontario P7B 6P2<br \/>Sans frais : +1 855 376 6673 \u2014 Option 2<br \/>T\u00e9l\u00e9copieur : 807-343-3999<br \/>Courriel : <a href=\"mailto:dsonr@lccare.ca\">dsonr@lccare.ca<\/a><br \/>Web : <a href=\"https:\/\/www.sopdi.ca\/fr\/\">www.sopdi.ca\/fr\/<\/a><\/p>\n<p>[\/et_pb_text][\/et_pb_column][\/et_pb_row][\/et_pb_section]<\/p>\n","protected":false},"excerpt":{"rendered":"<p>\u00c0 propos du programme Le programme de services de protection des adultes aide les adultes ayant une d\u00e9ficience intellectuelle \u00e0 vivre de fa\u00e7on autonome et s\u00fbre dans la communaut\u00e9. Le [&hellip;]<\/p>\n","protected":false},"author":1,"featured_media":0,"parent":557,"menu_order":0,"comment_status":"closed","ping_status":"closed","template":"","meta":{"_et_pb_use_builder":"on","_et_pb_old_content":"","_et_gb_content_width":"","footnotes":""},"class_list":["post-572","page","type-page","status-publish","hentry"],"aioseo_notices":[],"publishpress_future_workflow_manual_trigger":{"enabledWorkflows":[]},"_links":{"self":[{"href":"https:\/\/www.lccare.ca\/fr\/wp-json\/wp\/v2\/pages\/572","targetHints":{"allow":["GET"]}}],"collection":[{"href":"https:\/\/www.lccare.ca\/fr\/wp-json\/wp\/v2\/pages"}],"about":[{"href":"https:\/\/www.lccare.ca\/fr\/wp-json\/wp\/v2\/types\/page"}],"author":[{"embeddable":true,"href":"https:\/\/www.lccare.ca\/fr\/wp-json\/wp\/v2\/users\/1"}],"replies":[{"embeddable":true,"href":"https:\/\/www.lccare.ca\/fr\/wp-json\/wp\/v2\/comments?post=572"}],"version-history":[{"count":8,"href":"https:\/\/www.lccare.ca\/fr\/wp-json\/wp\/v2\/pages\/572\/revisions"}],"predecessor-version":[{"id":768,"href":"https:\/\/www.lccare.ca\/fr\/wp-json\/wp\/v2\/pages\/572\/revisions\/768"}],"up":[{"embeddable":true,"href":"https:\/\/www.lccare.ca\/fr\/wp-json\/wp\/v2\/pages\/557"}],"wp:attachment":[{"href":"https:\/\/www.lccare.ca\/fr\/wp-json\/wp\/v2\/media?parent=572"}],"curies":[{"name":"wp","href":"https:\/\/api.w.org\/{rel}","templated":true}]}}