{"id":563,"date":"2022-01-25T11:42:46","date_gmt":"2022-01-25T16:42:46","guid":{"rendered":"https:\/\/www.lccare.ca\/programmes-et-services\/equipe-mobile-integree\/"},"modified":"2024-12-02T13:18:32","modified_gmt":"2024-12-02T18:18:32","slug":"equipe-mobile-integree","status":"publish","type":"page","link":"https:\/\/www.lccare.ca\/fr\/programmes-et-services\/equipe-mobile-integree\/","title":{"rendered":"\u00c9quipe mobile int\u00e9gr\u00e9e"},"content":{"rendered":"<p>[et_pb_section fb_built=\u00a0\u00bb1&Prime; _builder_version=\u00a0\u00bb4.16&Prime; _module_preset=\u00a0\u00bbdefault\u00a0\u00bb custom_padding=\u00a0\u00bb80px||80px||false|false\u00a0\u00bb global_colors_info=\u00a0\u00bb{}\u00a0\u00bb][et_pb_row column_structure=\u00a0\u00bb3_5,2_5&Prime; _builder_version=\u00a0\u00bb4.16&Prime; _module_preset=\u00a0\u00bbdefault\u00a0\u00bb max_width=\u00a0\u00bb1440px\u00a0\u00bb global_colors_info=\u00a0\u00bb{}\u00a0\u00bb][et_pb_column type=\u00a0\u00bb3_5&Prime; _builder_version=\u00a0\u00bb4.16&Prime; _module_preset=\u00a0\u00bbdefault\u00a0\u00bb global_colors_info=\u00a0\u00bb{}\u00a0\u00bb][et_pb_text _builder_version=\u00a0\u00bb4.16&Prime; _module_preset=\u00a0\u00bbdefault\u00a0\u00bb text_font=\u00a0\u00bb||||||||\u00a0\u00bb text_text_color=\u00a0\u00bb#333333&Prime; text_line_height=\u00a0\u00bb24px\u00a0\u00bb header_2_font=\u00a0\u00bbVarela Round|700|||||||\u00a0\u00bb header_2_text_color=\u00a0\u00bb#3BAE49&Prime; header_2_font_size=\u00a0\u00bb32px\u00a0\u00bb header_2_line_height=\u00a0\u00bb36px\u00a0\u00bb header_3_font=\u00a0\u00bb|300|on||||||\u00a0\u00bb header_3_text_color=\u00a0\u00bb#0276BB\u00a0\u00bb header_3_font_size=\u00a0\u00bb24px\u00a0\u00bb header_3_line_height=\u00a0\u00bb32px\u00a0\u00bb global_colors_info=\u00a0\u00bb{}\u00a0\u00bb]<\/p>\n<h2>L\u2019\u00e9quipe mobile int\u00e9gr\u00e9e (MIT)<\/h2>\n<p>L\u2019\u00e9quipe mobile int\u00e9gr\u00e9e (MIT) est un mod\u00e8le de partenariat innovant qui fournit un soutien direct et pratique aux adultes ayant une d\u00e9ficience intellectuelle. Le cadre int\u00e9gr\u00e9 de la MIT est ancr\u00e9 dans la culture et s\u2019inspire des meilleures pratiques des secteurs de la sant\u00e9 mentale et des services de d\u00e9veloppement.<\/p>\n<p>Le soutien est souple, mobile et adapt\u00e9 aux personnes qui passent \u00e0 travers les mailles du filet des services. Le programme se concentre sur les personnes qui ont des besoins complexes multisectoriels li\u00e9s \u00e0 la sant\u00e9 mentale, aux d\u00e9pendances, \u00e0 l\u2019itin\u00e9rance ou \u00e0 l\u2019implication dans le syst\u00e8me de justice p\u00e9nale.<\/p>\n<p>L\u2019objectif de ce service est d\u2019aider les personnes \u00e0 acqu\u00e9rir les comp\u00e9tences n\u00e9cessaires pour atteindre divers degr\u00e9s d\u2019ind\u00e9pendance, ainsi que de promouvoir l\u2019interd\u00e9pendance qui favorise l\u2019autosuffisance et la r\u00e9silience.<\/p>\n<p>Le MIT s\u2019engage aupr\u00e8s des personnes d\u00e8s que le besoin se manifeste, quelle que soit leur situation, o\u00f9 qu\u2019elles se trouvent dans notre communaut\u00e9, et o\u00f9 qu\u2019elles se situent dans le continuum de services.<\/p>\n<p>[\/et_pb_text][et_pb_text _builder_version=\u00a0\u00bb4.16&Prime; _module_preset=\u00a0\u00bbdefault\u00a0\u00bb text_font=\u00a0\u00bb||||||||\u00a0\u00bb text_text_color=\u00a0\u00bb#333333&Prime; text_line_height=\u00a0\u00bb24px\u00a0\u00bb header_2_font=\u00a0\u00bbVarela Round|700|||||||\u00a0\u00bb header_2_text_color=\u00a0\u00bb#3BAE49&Prime; header_2_font_size=\u00a0\u00bb32px\u00a0\u00bb header_2_line_height=\u00a0\u00bb36px\u00a0\u00bb header_3_font=\u00a0\u00bb|300|on||||||\u00a0\u00bb header_3_text_color=\u00a0\u00bb#0276BB\u00a0\u00bb header_3_font_size=\u00a0\u00bb24px\u00a0\u00bb header_3_line_height=\u00a0\u00bb32px\u00a0\u00bb global_colors_info=\u00a0\u00bb{}\u00a0\u00bb]<\/p>\n<h2>L\u2019\u00e9quipe:<\/h2>\n<p><strong>Intervenants en bien-\u00eatre culturel<\/strong><br \/>Ces intervenants offrent une approche fond\u00e9e sur la culture et des possibilit\u00e9s de gu\u00e9rison, de cr\u00e9ation de liens positifs avec la famille et la communaut\u00e9, ainsi que de la promotion de la sensibilisation interculturelle.<\/p>\n<p><strong>Sp\u00e9cialistes en comp\u00e9tences de vie<\/strong><br \/>Ces sp\u00e9cialistes fournissent une formation ax\u00e9e sur le d\u00e9veloppement des comp\u00e9tences de base, des comp\u00e9tences de vie autonome et des comp\u00e9tences sociales, par le biais d\u2019une interaction individuelle ou de groupe.<\/p>\n<p><strong>Gestionnaires de cas<\/strong><br \/>Ces gestionnaires encouragent les personnes \u00e0 participer activement \u00e0 l\u2019acc\u00e8s, au suivi, au maintien des services, \u00e0 la d\u00e9fense des int\u00e9r\u00eats et \u00e0 s\u2019engager dans des partenariats avec d\u2019autres organismes communautaires afin d\u2019accro\u00eetre la capacit\u00e9 de la communaut\u00e9, d\u2019am\u00e9liorer l\u2019acc\u00e8s aux services, de sensibiliser le public aux d\u00e9ficiences d\u00e9veloppementales et de r\u00e9duire les obstacles pour les personnes atteintes.<\/p>\n<p>[\/et_pb_text][\/et_pb_column][et_pb_column type=\u00a0\u00bb2_5&Prime; _builder_version=\u00a0\u00bb4.16&Prime; _module_preset=\u00a0\u00bbdefault\u00a0\u00bb global_colors_info=\u00a0\u00bb{}\u00a0\u00bb][et_pb_image src=\u00a0\u00bbhttps:\/\/www.lccare.ca\/wp-content\/uploads\/2022\/06\/Mit-Logo-FR-01.png\u00a0\u00bb title_text=\u00a0\u00bbMit-Logo-FR-01&Prime; _builder_version=\u00a0\u00bb4.16&Prime; _module_preset=\u00a0\u00bbdefault\u00a0\u00bb global_colors_info=\u00a0\u00bb{}\u00a0\u00bb][\/et_pb_image][et_pb_video src=\u00a0\u00bbhttps:\/\/www.lccare.ca\/wp-content\/uploads\/1733\/56\/MIT-ProgramVid.mp4&Prime; _builder_version=\u00a0\u00bb4.24.3&Prime; _module_preset=\u00a0\u00bbdefault\u00a0\u00bb title_text=\u00a0\u00bbMIT-ProgramVid\u00a0\u00bb hover_enabled=\u00a0\u00bb0&Prime; sticky_enabled=\u00a0\u00bb0&Prime;][\/et_pb_video][et_pb_text ul_item_indent=\u00a0\u00bb32px\u00a0\u00bb _builder_version=\u00a0\u00bb4.16&Prime; _module_preset=\u00a0\u00bbdefault\u00a0\u00bb text_text_color=\u00a0\u00bb#0276BB\u00a0\u00bb header_3_font=\u00a0\u00bb|700|||||||\u00a0\u00bb header_3_text_color=\u00a0\u00bb#3BAE49&Prime; header_3_font_size=\u00a0\u00bb24px\u00a0\u00bb header_3_line_height=\u00a0\u00bb32px\u00a0\u00bb global_colors_info=\u00a0\u00bb{}\u00a0\u00bb]<\/p>\n<h3>Le programme propose:<\/h3>\n<ul>\n<li>d\u00e9veloppement des comp\u00e9tences de vie<\/li>\n<li>promotion des soins de sant\u00e9<\/li>\n<li>maintien et placement dans un logement<\/li>\n<li>planification et navigation des services<\/li>\n<li>sensibilisation et engagement<\/li>\n<li>horaires de service flexibles<\/li>\n<\/ul>\n<p>[\/et_pb_text][\/et_pb_column][\/et_pb_row][\/et_pb_section]<\/p>\n","protected":false},"excerpt":{"rendered":"<p>L\u2019\u00e9quipe mobile int\u00e9gr\u00e9e (MIT) L\u2019\u00e9quipe mobile int\u00e9gr\u00e9e (MIT) est un mod\u00e8le de partenariat innovant qui fournit un soutien direct et pratique aux adultes ayant une d\u00e9ficience intellectuelle. Le cadre int\u00e9gr\u00e9 [&hellip;]<\/p>\n","protected":false},"author":1,"featured_media":0,"parent":557,"menu_order":0,"comment_status":"closed","ping_status":"closed","template":"","meta":{"_et_pb_use_builder":"on","_et_pb_old_content":"","_et_gb_content_width":"","footnotes":""},"class_list":["post-563","page","type-page","status-publish","hentry"],"aioseo_notices":[],"publishpress_future_workflow_manual_trigger":{"enabledWorkflows":[]},"_links":{"self":[{"href":"https:\/\/www.lccare.ca\/fr\/wp-json\/wp\/v2\/pages\/563","targetHints":{"allow":["GET"]}}],"collection":[{"href":"https:\/\/www.lccare.ca\/fr\/wp-json\/wp\/v2\/pages"}],"about":[{"href":"https:\/\/www.lccare.ca\/fr\/wp-json\/wp\/v2\/types\/page"}],"author":[{"embeddable":true,"href":"https:\/\/www.lccare.ca\/fr\/wp-json\/wp\/v2\/users\/1"}],"replies":[{"embeddable":true,"href":"https:\/\/www.lccare.ca\/fr\/wp-json\/wp\/v2\/comments?post=563"}],"version-history":[{"count":7,"href":"https:\/\/www.lccare.ca\/fr\/wp-json\/wp\/v2\/pages\/563\/revisions"}],"predecessor-version":[{"id":1303,"href":"https:\/\/www.lccare.ca\/fr\/wp-json\/wp\/v2\/pages\/563\/revisions\/1303"}],"up":[{"embeddable":true,"href":"https:\/\/www.lccare.ca\/fr\/wp-json\/wp\/v2\/pages\/557"}],"wp:attachment":[{"href":"https:\/\/www.lccare.ca\/fr\/wp-json\/wp\/v2\/media?parent=563"}],"curies":[{"name":"wp","href":"https:\/\/api.w.org\/{rel}","templated":true}]}}